{"id":106,"date":"2015-07-21T09:47:03","date_gmt":"2015-07-21T09:47:03","guid":{"rendered":"http:\/\/demo.themegrill.com\/himalayas\/?page_id=106"},"modified":"2025-08-19T09:46:46","modified_gmt":"2025-08-19T08:46:46","slug":"donec-porta","status":"publish","type":"page","link":"https:\/\/www.yves.hr\/index.php\/donec-porta\/","title":{"rendered":"Egzosomi"},"content":{"rendered":"<p>Jeste li \u010duli za egzosome? Ove mikroskopske \u010destice imaju klju\u010dnu ulogu u obnovi i regeneraciji ko\u017ee!<\/p>\n<p>Egzosomi su dijelovi na\u0161ih mati\u010dnih stanica koji sadr\u017ee biomolekule uklju\u010duju\u0107i proteine, faktore rasta, lipide i nukleinske kiseline mRNA\/miRNA.\u00a0<span class=\"html-span xexx8yu xyri2b x18d9i69 x1c1uobl x1hl2dhg x16tdsg8 x1vvkbs x3nfvp2 x1j61x8r x1fcty0u xdj266r xat24cr xm2jcoa x1mpyi22 xxymvpz xlup9mm x1kky2od\"><img loading=\"lazy\" decoding=\"async\" class=\"xz74otr x15mokao x1ga7v0g x16uus16 xbiv7yw\" src=\"https:\/\/static.xx.fbcdn.net\/images\/emoji.php\/v9\/t22\/2\/16\/1f60e.png\" alt=\"\ud83d\ude0e\" width=\"16\" height=\"16\" \/><\/span><br class=\"html-br\" \/><br class=\"html-br\" \/>Znanstveno su dokazano naju\u010dinkovitiji oblik pomla\u0111ivanja.<br class=\"html-br\" \/><br class=\"html-br\" \/>Drasti\u010dno smanjuju bore na licu i vratu.<\/p>\n<p><br class=\"html-br\" \/>U estetskoj medicini egzosomi se koriste za pobolj\u0161anje elasti\u010dnosti ko\u017ee, smanjenje bora i br\u017eu regeneraciju nakon tretmana. Rezultat? Zdravija, blistavija i mla\u0111a ko\u017ea!<\/p>\n<p>\u0160to to\u010dno egzosomski tretman \u201cradi\u201d na ko\u017ei?\u00a0<br class=\"html-br\" \/><br class=\"html-br\" \/>Egzosomi doslovno \u201creprogramiraju\u201d stanice koje stare, vra\u0107aju\u0107i im mladost.\u00a0<br class=\"html-br\" \/><br class=\"html-br\" \/>\u2022 Poti\u010du proizvodnju kolagena i elastina.<br class=\"html-br\" \/>\u2022 Posvjetljuju hiperpigmentacije, smanjuju upalu i \u0161tite od fotostarenja.<br class=\"html-br\" \/>\u2022 Pobolj\u0161avaju cirkulaciju krvi zahvaljuju\u0107i angiogenezi, poti\u010du\u0107i stvaranje novih kapilara.<br class=\"html-br\" \/><br class=\"html-br\" \/>Ovo je dokazano znanstvenim pristupom i potvr\u0111enim istra\u017eivanjima.<\/p>\n","protected":false},"excerpt":{"rendered":"<p>Egzosomi \u201creprogramiraju\u201d stanice koje stare, vra\u0107aju\u0107i im mladost.\u00a0<\/p>\n","protected":false},"author":1,"featured_media":668,"parent":0,"menu_order":0,"comment_status":"closed","ping_status":"open","template":"page-templates\/template-portfolio.php","meta":{"footnotes":""},"class_list":["post-106","page","type-page","status-publish","has-post-thumbnail","hentry"],"_links":{"self":[{"href":"https:\/\/www.yves.hr\/index.php\/wp-json\/wp\/v2\/pages\/106","targetHints":{"allow":["GET"]}}],"collection":[{"href":"https:\/\/www.yves.hr\/index.php\/wp-json\/wp\/v2\/pages"}],"about":[{"href":"https:\/\/www.yves.hr\/index.php\/wp-json\/wp\/v2\/types\/page"}],"author":[{"embeddable":true,"href":"https:\/\/www.yves.hr\/index.php\/wp-json\/wp\/v2\/users\/1"}],"replies":[{"embeddable":true,"href":"https:\/\/www.yves.hr\/index.php\/wp-json\/wp\/v2\/comments?post=106"}],"version-history":[{"count":7,"href":"https:\/\/www.yves.hr\/index.php\/wp-json\/wp\/v2\/pages\/106\/revisions"}],"predecessor-version":[{"id":684,"href":"https:\/\/www.yves.hr\/index.php\/wp-json\/wp\/v2\/pages\/106\/revisions\/684"}],"wp:featuredmedia":[{"embeddable":true,"href":"https:\/\/www.yves.hr\/index.php\/wp-json\/wp\/v2\/media\/668"}],"wp:attachment":[{"href":"https:\/\/www.yves.hr\/index.php\/wp-json\/wp\/v2\/media?parent=106"}],"curies":[{"name":"wp","href":"https:\/\/api.w.org\/{rel}","templated":true}]}}