{"id":108,"date":"2015-07-21T09:47:12","date_gmt":"2015-07-21T09:47:12","guid":{"rendered":"http:\/\/demo.themegrill.com\/himalayas\/?page_id=108"},"modified":"2025-08-19T09:42:31","modified_gmt":"2025-08-19T08:42:31","slug":"maecenas-sodales","status":"publish","type":"page","link":"https:\/\/www.yves.hr\/index.php\/maecenas-sodales\/","title":{"rendered":"NRX Post Mask"},"content":{"rendered":"\n<p>Nakon kozmeti\u010dkih tretmana poput pilinga, microneedlinga ili lasera, ko\u017ea postaje osjetljiva i zahtijeva posebnu njegu.<\/p>\n\n\n\n<p>Pravilna njega poma\u017ee u smanjenju crvenila, obnavljanju hidratacije i za\u0161titi ko\u017ene barijere za br\u017ee zacjeljivanje i bolje rezultate.<\/p>\n\n\n\n<figure class=\"wp-block-image\"><img decoding=\"async\" src=\"https:\/\/static.xx.fbcdn.net\/images\/emoji.php\/v9\/t75\/2\/16\/2728.png\" alt=\"\u2728\"\/><\/figure>\n\n\n\n<p>NRX Post Mask, izra\u0111ena od bio-celuloze, savr\u0161eno prianja uz ko\u017eu i prekriva vi\u0161e od 98% povr\u0161ine.<\/p>\n\n\n\n<figure class=\"wp-block-image\"><img decoding=\"async\" src=\"https:\/\/static.xx.fbcdn.net\/images\/emoji.php\/v9\/t75\/2\/16\/2728.png\" alt=\"\u2728\"\/><\/figure>\n\n\n\n<p>Oboga\u0107ena je:<\/p>\n\n\n\n<p>\u2022 Centellom Asiaticom, EGF-om i peptidima za regeneraciju<br>\u2022 93% hidratacije za dubinsku vlagu<br>\u2022 U\u010dinkom hla\u0111enja (-5\u00b0C) koji smanjuje crvenilo i nelagodu<\/p>\n\n\n\n<figure class=\"wp-block-image\"><img decoding=\"async\" src=\"https:\/\/static.xx.fbcdn.net\/images\/emoji.php\/v9\/t75\/2\/16\/2728.png\" alt=\"\u2728\"\/><\/figure>\n\n\n\n<p>Tako\u0111er posvjetljuje, u\u010dvr\u0161\u0107uje i smanjuje pore \u2014 \u010dine\u0107i je idealnim izborom nakon estetskih tretmana.<\/p>\n","protected":false},"excerpt":{"rendered":"<p>NRX Post Mask posvjetljuje, u\u010dvr\u0161\u0107uje i smanjuje pore. <\/p>\n","protected":false},"author":1,"featured_media":679,"parent":0,"menu_order":0,"comment_status":"closed","ping_status":"open","template":"page-templates\/template-portfolio.php","meta":{"footnotes":""},"class_list":["post-108","page","type-page","status-publish","has-post-thumbnail","hentry"],"_links":{"self":[{"href":"https:\/\/www.yves.hr\/index.php\/wp-json\/wp\/v2\/pages\/108","targetHints":{"allow":["GET"]}}],"collection":[{"href":"https:\/\/www.yves.hr\/index.php\/wp-json\/wp\/v2\/pages"}],"about":[{"href":"https:\/\/www.yves.hr\/index.php\/wp-json\/wp\/v2\/types\/page"}],"author":[{"embeddable":true,"href":"https:\/\/www.yves.hr\/index.php\/wp-json\/wp\/v2\/users\/1"}],"replies":[{"embeddable":true,"href":"https:\/\/www.yves.hr\/index.php\/wp-json\/wp\/v2\/comments?post=108"}],"version-history":[{"count":8,"href":"https:\/\/www.yves.hr\/index.php\/wp-json\/wp\/v2\/pages\/108\/revisions"}],"predecessor-version":[{"id":680,"href":"https:\/\/www.yves.hr\/index.php\/wp-json\/wp\/v2\/pages\/108\/revisions\/680"}],"wp:featuredmedia":[{"embeddable":true,"href":"https:\/\/www.yves.hr\/index.php\/wp-json\/wp\/v2\/media\/679"}],"wp:attachment":[{"href":"https:\/\/www.yves.hr\/index.php\/wp-json\/wp\/v2\/media?parent=108"}],"curies":[{"name":"wp","href":"https:\/\/api.w.org\/{rel}","templated":true}]}}