{"id":109,"date":"2015-07-21T09:40:32","date_gmt":"2015-07-21T08:40:32","guid":{"rendered":"http:\/\/demo.themegrill.com\/himalayas\/?page_id=109"},"modified":"2024-11-13T18:01:51","modified_gmt":"2024-11-13T17:01:51","slug":"aenean-nec","status":"publish","type":"page","link":"https:\/\/www.yves.hr\/index.php\/aenean-nec\/","title":{"rendered":"Dr. Schrammek &#8211; prirodna kozmetika"},"content":{"rendered":"<h1><\/h1>\n<h1>Medicinski inspirirana linija profesionalne kozmetike za njegu ko\u017ee.<\/h1>\n<div class=\"fusion-text\">\n<p><span style=\"font-size: revert; color: initial; font-family: -apple-system, BlinkMacSystemFont, 'Segoe UI', Roboto, Oxygen-Sans, Ubuntu, Cantarell, 'Helvetica Neue', sans-serif;\">Dr. med. Christine Schrammek-Drusio stoji iza brenda Dr-Schrammek, dermatolog i alergolog koja se suo\u010davala sa problemima ko\u017ee mnogih pacijenata u dermatolo\u0161kim ordinacijama, kao i kroz osobni rad dugi niz godina. Tijekom ovog perioda, otkrila je strast ka njezi ko\u017ee i posebno obratila pa\u017enju na profesionalne tretmane.<\/span><\/p>\n<\/div>\n<div class=\"fusion-text\">\n<p>Dolaskom u obiteljsku tvrtku 1989. godine, njena saznanja su primjenjena u osobnu liniju za njegu ko\u017ee, u suradnji s poznatim laboratorijima i institutima za istra\u017eivanja. U Njema\u010dkoj, ro\u0111en je prvi \u201cdoktorski\u201d brend, iza \u010dijeg cjelokupnog razvoja i tvrtke stoji dermatolog.<\/p>\n<\/div>\n","protected":false},"excerpt":{"rendered":"<p>Bez umjetnih boja i mirisa, denaturiranog alkohola, lanolina i mineralnih ulja.<\/p>\n","protected":false},"author":1,"featured_media":599,"parent":0,"menu_order":0,"comment_status":"closed","ping_status":"closed","template":"page-templates\/template-portfolio.php","meta":{"footnotes":""},"class_list":["post-109","page","type-page","status-publish","has-post-thumbnail","hentry"],"_links":{"self":[{"href":"https:\/\/www.yves.hr\/index.php\/wp-json\/wp\/v2\/pages\/109","targetHints":{"allow":["GET"]}}],"collection":[{"href":"https:\/\/www.yves.hr\/index.php\/wp-json\/wp\/v2\/pages"}],"about":[{"href":"https:\/\/www.yves.hr\/index.php\/wp-json\/wp\/v2\/types\/page"}],"author":[{"embeddable":true,"href":"https:\/\/www.yves.hr\/index.php\/wp-json\/wp\/v2\/users\/1"}],"replies":[{"embeddable":true,"href":"https:\/\/www.yves.hr\/index.php\/wp-json\/wp\/v2\/comments?post=109"}],"version-history":[{"count":6,"href":"https:\/\/www.yves.hr\/index.php\/wp-json\/wp\/v2\/pages\/109\/revisions"}],"predecessor-version":[{"id":600,"href":"https:\/\/www.yves.hr\/index.php\/wp-json\/wp\/v2\/pages\/109\/revisions\/600"}],"wp:featuredmedia":[{"embeddable":true,"href":"https:\/\/www.yves.hr\/index.php\/wp-json\/wp\/v2\/media\/599"}],"wp:attachment":[{"href":"https:\/\/www.yves.hr\/index.php\/wp-json\/wp\/v2\/media?parent=109"}],"curies":[{"name":"wp","href":"https:\/\/api.w.org\/{rel}","templated":true}]}}