{"id":52,"date":"2015-07-20T10:48:26","date_gmt":"2015-07-20T10:48:26","guid":{"rendered":"http:\/\/demo.themegrill.com\/himalayas\/?page_id=52"},"modified":"2024-11-13T17:53:30","modified_gmt":"2024-11-13T16:53:30","slug":"parallax-effect","status":"publish","type":"page","link":"https:\/\/www.yves.hr\/index.php\/parallax-effect\/","title":{"rendered":"Redukcija akni i o\u017eiljaka"},"content":{"rendered":"<p>Umjesto ulaganja u raznorazne kreme (\u010desto posti\u017eu\u0107i kontra efekt), pudere i sli\u010dno, pristupite rje\u0161avanju problema iz drugog kuta i obratite nam se s punim povjerenjem.<\/p>\n","protected":false},"excerpt":{"rendered":"<p>Umjesto ulaganja u raznorazne kreme (\u010desto posti\u017eu\u0107i kontra efekt), pudere i sli\u010dno, pristupite rje\u0161avanju problema iz drugog kuta i obratite nam se s punim povjerenjem.<\/p>\n","protected":false},"author":1,"featured_media":311,"parent":0,"menu_order":0,"comment_status":"closed","ping_status":"open","template":"page-templates\/template-services.php","meta":{"footnotes":""},"class_list":["post-52","page","type-page","status-publish","has-post-thumbnail","hentry"],"_links":{"self":[{"href":"https:\/\/www.yves.hr\/index.php\/wp-json\/wp\/v2\/pages\/52","targetHints":{"allow":["GET"]}}],"collection":[{"href":"https:\/\/www.yves.hr\/index.php\/wp-json\/wp\/v2\/pages"}],"about":[{"href":"https:\/\/www.yves.hr\/index.php\/wp-json\/wp\/v2\/types\/page"}],"author":[{"embeddable":true,"href":"https:\/\/www.yves.hr\/index.php\/wp-json\/wp\/v2\/users\/1"}],"replies":[{"embeddable":true,"href":"https:\/\/www.yves.hr\/index.php\/wp-json\/wp\/v2\/comments?post=52"}],"version-history":[{"count":4,"href":"https:\/\/www.yves.hr\/index.php\/wp-json\/wp\/v2\/pages\/52\/revisions"}],"predecessor-version":[{"id":379,"href":"https:\/\/www.yves.hr\/index.php\/wp-json\/wp\/v2\/pages\/52\/revisions\/379"}],"wp:featuredmedia":[{"embeddable":true,"href":"https:\/\/www.yves.hr\/index.php\/wp-json\/wp\/v2\/media\/311"}],"wp:attachment":[{"href":"https:\/\/www.yves.hr\/index.php\/wp-json\/wp\/v2\/media?parent=52"}],"curies":[{"name":"wp","href":"https:\/\/api.w.org\/{rel}","templated":true}]}}