{"id":53,"date":"2015-07-20T10:49:58","date_gmt":"2015-07-20T10:49:58","guid":{"rendered":"http:\/\/demo.themegrill.com\/himalayas\/?page_id=53"},"modified":"2020-01-12T23:33:25","modified_gmt":"2020-01-12T22:33:25","slug":"one-page-menu","status":"publish","type":"page","link":"https:\/\/www.yves.hr\/index.php\/one-page-menu\/","title":{"rendered":"Trajno uklanjanje dla\u010dica"},"content":{"rendered":"<p>Trajno Uklanjanje dla\u010dica omogu\u0107iti \u0107e Vam da zaboravite na svakodnevnu depilaciju nogu, pazuha, ruku i ostalih dijelova tijela. Ljetne vru\u0107ine, <strong>urasle dlake<\/strong>, razne alergije, bol\u2026 Za\u0161to se mu\u010diti kada suvremena tehnologija i stru\u010dnost na\u0161ih djelatnika ima rje\u0161enje?<\/p>\n","protected":false},"excerpt":{"rendered":"<p>Trajno Uklanjanje dla\u010dica omogu\u0107iti \u0107e Vam da zaboravite na svakodnevnu depilaciju nogu, pazuha, ruku i ostalih dijelova tijela. Ljetne vru\u0107ine, urasle dlake, razne alergije, bol\u2026<\/p>\n","protected":false},"author":1,"featured_media":309,"parent":0,"menu_order":0,"comment_status":"closed","ping_status":"closed","template":"page-templates\/template-services.php","meta":{"footnotes":""},"class_list":["post-53","page","type-page","status-publish","has-post-thumbnail","hentry"],"_links":{"self":[{"href":"https:\/\/www.yves.hr\/index.php\/wp-json\/wp\/v2\/pages\/53","targetHints":{"allow":["GET"]}}],"collection":[{"href":"https:\/\/www.yves.hr\/index.php\/wp-json\/wp\/v2\/pages"}],"about":[{"href":"https:\/\/www.yves.hr\/index.php\/wp-json\/wp\/v2\/types\/page"}],"author":[{"embeddable":true,"href":"https:\/\/www.yves.hr\/index.php\/wp-json\/wp\/v2\/users\/1"}],"replies":[{"embeddable":true,"href":"https:\/\/www.yves.hr\/index.php\/wp-json\/wp\/v2\/comments?post=53"}],"version-history":[{"count":3,"href":"https:\/\/www.yves.hr\/index.php\/wp-json\/wp\/v2\/pages\/53\/revisions"}],"predecessor-version":[{"id":378,"href":"https:\/\/www.yves.hr\/index.php\/wp-json\/wp\/v2\/pages\/53\/revisions\/378"}],"wp:featuredmedia":[{"embeddable":true,"href":"https:\/\/www.yves.hr\/index.php\/wp-json\/wp\/v2\/media\/309"}],"wp:attachment":[{"href":"https:\/\/www.yves.hr\/index.php\/wp-json\/wp\/v2\/media?parent=53"}],"curies":[{"name":"wp","href":"https:\/\/api.w.org\/{rel}","templated":true}]}}