{"id":547,"date":"2022-03-14T20:53:08","date_gmt":"2022-03-14T19:53:08","guid":{"rendered":"https:\/\/www.yves.hr\/?page_id=547"},"modified":"2022-03-20T21:33:26","modified_gmt":"2022-03-20T20:33:26","slug":"refit","status":"publish","type":"page","link":"https:\/\/www.yves.hr\/index.php\/refit\/","title":{"rendered":"Refit"},"content":{"rendered":"\n<p>Refit je pametni sustav za pomla\u0111ivanje lica i oblikovanje tijela, tretmani su kratki, brzi i bezbolni, a rezultati vidljivi ve\u0107 nakon prvog dolaska u salon. <\/p>\n\n\n\n<p>Uravnote\u017eena i sinkronizirana kombinacija radio frekvencije, vakuumske stimulacije i naprednog LED svjetla izvrsno radi svoj posao i pru\u017ea rje\u0161enje problema opu\u0161tene ko\u017ee, celulita i vi\u0161ka masno\u0107e. Cluederm Refit tretman tijela primarno je usmjeren na trbuh, bedra, ruke i lice &#8211; rezultat je potaknuta proizvodnja kolagena, sjajan u\u010dinak liftinga i u\u010dvr\u0161\u0107ivanja, smanjenje celulita, smanjenje vidljivih bora i pomla\u0111ivanje ko\u017ee. <\/p>\n\n\n\n<p>Refit pru\u017ea rje\u0161enje bez boli i bez nuspojava.<br><img loading=\"lazy\" decoding=\"async\" height=\"16\" width=\"16\" alt=\"?\" src=\"https:\/\/static.xx.fbcdn.net\/images\/emoji.php\/v9\/t7f\/2\/16\/1f31f.png\">Trajanje postupka tretmana svodi se na 10-20 minuta i mo\u017ee varirati prema va\u0161im ciljevima tretmana.<br><img loading=\"lazy\" decoding=\"async\" height=\"16\" width=\"16\" alt=\"?\" src=\"https:\/\/static.xx.fbcdn.net\/images\/emoji.php\/v9\/t7f\/2\/16\/1f31f.png\">Refit i njegova tehnologija podr\u017eavaju sve tipove ko\u017ee.<\/p>\n","protected":false},"excerpt":{"rendered":"<p>Vrhunski sustav za pomla\u0111ivanje lica i oblikovanje tijela &#8211; tretmani su brzi i bezbolni, a rezultati vidljivi ve\u0107 nakon prve posjete salonu. <\/p>\n","protected":false},"author":1,"featured_media":585,"parent":0,"menu_order":0,"comment_status":"closed","ping_status":"closed","template":"page-templates\/template-team.php","meta":{"footnotes":""},"class_list":["post-547","page","type-page","status-publish","has-post-thumbnail","hentry"],"_links":{"self":[{"href":"https:\/\/www.yves.hr\/index.php\/wp-json\/wp\/v2\/pages\/547","targetHints":{"allow":["GET"]}}],"collection":[{"href":"https:\/\/www.yves.hr\/index.php\/wp-json\/wp\/v2\/pages"}],"about":[{"href":"https:\/\/www.yves.hr\/index.php\/wp-json\/wp\/v2\/types\/page"}],"author":[{"embeddable":true,"href":"https:\/\/www.yves.hr\/index.php\/wp-json\/wp\/v2\/users\/1"}],"replies":[{"embeddable":true,"href":"https:\/\/www.yves.hr\/index.php\/wp-json\/wp\/v2\/comments?post=547"}],"version-history":[{"count":4,"href":"https:\/\/www.yves.hr\/index.php\/wp-json\/wp\/v2\/pages\/547\/revisions"}],"predecessor-version":[{"id":590,"href":"https:\/\/www.yves.hr\/index.php\/wp-json\/wp\/v2\/pages\/547\/revisions\/590"}],"wp:featuredmedia":[{"embeddable":true,"href":"https:\/\/www.yves.hr\/index.php\/wp-json\/wp\/v2\/media\/585"}],"wp:attachment":[{"href":"https:\/\/www.yves.hr\/index.php\/wp-json\/wp\/v2\/media?parent=547"}],"curies":[{"name":"wp","href":"https:\/\/api.w.org\/{rel}","templated":true}]}}