{"id":606,"date":"2022-04-18T18:03:02","date_gmt":"2022-04-18T17:03:02","guid":{"rendered":"https:\/\/www.yves.hr\/?page_id=606"},"modified":"2022-04-18T18:03:03","modified_gmt":"2022-04-18T17:03:03","slug":"aquapeel-innofacial","status":"publish","type":"page","link":"https:\/\/www.yves.hr\/index.php\/aquapeel-innofacial\/","title":{"rendered":"Aquapeel Innofacial"},"content":{"rendered":"\n<p>Revolucionarni sistem za dubinsku regeneraciju poti\u010de stvaranje novih ko\u017enih stanica, u potpunosti uklanja stari i o\u0161te\u0107eni povr\u0161inski sloj ko\u017ee, sebum, mitesere, ko\u017ene otpatke i drugu prljav\u0161tinu sa ko\u017ee, a istovremeno dovodi sve hranljive i hidratantne sastojke potrebne za revitalizaciju i obnovu tkiva. Tretman je primjeren za sve tipove ko\u017ee.<\/p>\n\n\n\n<p>Aquapeel Innofacial tretman posebno se preporu\u010duje kod stanja:<\/p>\n\n\n\n<ul class=\"wp-block-list\"><li>akni (mlada ili zrela ko\u017ea)<\/li><li>rosacee, psorijaze, ko\u017enog svrbe\u017ea<\/li><li>tanke, zrelije i kuperozne ko\u017ee<\/li><\/ul>\n\n\n\n<p>Tretman na ko\u017eu djeluje na siguran na\u010din, bez iritacije i o\u0161te\u0107enja tkiva! Ne samo da \u0107emo vam tim postupkom raslojiti ko\u017eu i osigurati \u010di\u0161\u0107enje, eksfolijaciju i ekstrakciju, nego \u0107emo va\u0161u \u00bbnovu\u00ab ko\u017eu istodobno aktivno navla\u017eiti IS3 serumom, koji se bazira na ovla\u017eiva\u010dima, hranjivim tvarima, vitaminima i antioksidansima. <\/p>\n\n\n\n<figure class=\"wp-block-image size-full\"><img loading=\"lazy\" decoding=\"async\" width=\"1024\" height=\"682\" src=\"https:\/\/www.yves.hr\/wp-content\/uploads\/2022\/04\/innofacial-cilt-yenileme-sistemi_190_1563958351.jpg\" alt=\"\" class=\"wp-image-608\" srcset=\"https:\/\/www.yves.hr\/wp-content\/uploads\/2022\/04\/innofacial-cilt-yenileme-sistemi_190_1563958351.jpg 1024w, https:\/\/www.yves.hr\/wp-content\/uploads\/2022\/04\/innofacial-cilt-yenileme-sistemi_190_1563958351-300x200.jpg 300w, https:\/\/www.yves.hr\/wp-content\/uploads\/2022\/04\/innofacial-cilt-yenileme-sistemi_190_1563958351-768x512.jpg 768w\" sizes=\"auto, (max-width: 1024px) 100vw, 1024px\" \/><\/figure>\n","protected":false},"excerpt":{"rendered":"<p>Revolucionarni sistem za dubinsku regeneraciju poti\u010de stvaranje novih ko\u017enih stanica, u potpunosti uklanja stari i o\u0161te\u0107eni povr\u0161inski sloj ko\u017ee, sebum i mitesere. <\/p>\n","protected":false},"author":1,"featured_media":574,"parent":0,"menu_order":0,"comment_status":"closed","ping_status":"closed","template":"page-templates\/template-team.php","meta":{"footnotes":""},"class_list":["post-606","page","type-page","status-publish","has-post-thumbnail","hentry"],"_links":{"self":[{"href":"https:\/\/www.yves.hr\/index.php\/wp-json\/wp\/v2\/pages\/606","targetHints":{"allow":["GET"]}}],"collection":[{"href":"https:\/\/www.yves.hr\/index.php\/wp-json\/wp\/v2\/pages"}],"about":[{"href":"https:\/\/www.yves.hr\/index.php\/wp-json\/wp\/v2\/types\/page"}],"author":[{"embeddable":true,"href":"https:\/\/www.yves.hr\/index.php\/wp-json\/wp\/v2\/users\/1"}],"replies":[{"embeddable":true,"href":"https:\/\/www.yves.hr\/index.php\/wp-json\/wp\/v2\/comments?post=606"}],"version-history":[{"count":1,"href":"https:\/\/www.yves.hr\/index.php\/wp-json\/wp\/v2\/pages\/606\/revisions"}],"predecessor-version":[{"id":609,"href":"https:\/\/www.yves.hr\/index.php\/wp-json\/wp\/v2\/pages\/606\/revisions\/609"}],"wp:featuredmedia":[{"embeddable":true,"href":"https:\/\/www.yves.hr\/index.php\/wp-json\/wp\/v2\/media\/574"}],"wp:attachment":[{"href":"https:\/\/www.yves.hr\/index.php\/wp-json\/wp\/v2\/media?parent=606"}],"curies":[{"name":"wp","href":"https:\/\/api.w.org\/{rel}","templated":true}]}}