{"id":610,"date":"2022-04-18T18:11:12","date_gmt":"2022-04-18T17:11:12","guid":{"rendered":"https:\/\/www.yves.hr\/?page_id=610"},"modified":"2022-12-04T16:39:42","modified_gmt":"2022-12-04T15:39:42","slug":"dermalux-led-terapija","status":"publish","type":"page","link":"https:\/\/www.yves.hr\/index.php\/dermalux-led-terapija\/","title":{"rendered":"DERMALUX &#8211; LED TERAPIJA"},"content":{"rendered":"\n<p>Dermalux Flex MD je neinvazivni tretman koji pru\u017ea klini\u010dki dokazanu terapeutsku svjetlosnu energiju za pomla\u0111ivanje i korekciju. Ko\u017ea apsorbira specifi\u010dne valne duljine kako bi stimulirala obnovu stanica i proizvodnju kolagena, rije\u0161ila problemati\u010dna stanja ko\u017ee poput akni i crvenila te ubrzala zacjeljivanje ko\u017ee. To je siguran i bezbolan tretman.<\/p>\n\n\n\n<p>Nakon jedne seanse Flex MD-a, klijenti mogu o\u010dekivati trenuta\u010dno pobolj\u0161anje tonusa ko\u017ee, hidratacije i sjaja, dok blagotvorno svjetlo istovremeno poti\u010de dublje stani\u010dne procese za dugotrajnije dobrobiti ko\u017ee. <\/p>\n\n\n\n<p>Za osjetljivu ko\u017eu, Flex MD nudi olak\u0161anje kod crvenila i iritacije. <\/p>\n\n\n\n<p>Flex MD neophodan je tretman za optimalno zdravlje i dobrobit ko\u017ee kao dio redovne rutine njege ko\u017ee. Tako\u0111er se preporu\u010duje u kombinaciji s tretmanima ko\u017ee kako bi se pobolj\u0161ali i ubrzali rezultati. <\/p>\n\n\n\n<p>Dermalux Flex MD je medicinski CE certificiran ure\u0111aj za lije\u010denje akni, psorijaze, zacjeljivanje rana i mi\u0161i\u0107no-ko\u0161tane boli. Kozmeti\u010dke indikacije uklju\u010duju pomla\u0111ivanje ko\u017ee, pigmentaciju, crvenilo i osjetljivu ko\u017eu.&nbsp;<\/p>\n\n\n\n<figure class=\"wp-block-image size-large\"><img loading=\"lazy\" decoding=\"async\" width=\"1024\" height=\"1024\" src=\"https:\/\/www.yves.hr\/wp-content\/uploads\/2022\/12\/308611678_1053839645450703_7946233162031223824_n-1024x1024.jpeg\" alt=\"\" class=\"wp-image-630\" srcset=\"https:\/\/www.yves.hr\/wp-content\/uploads\/2022\/12\/308611678_1053839645450703_7946233162031223824_n-1024x1024.jpeg 1024w, https:\/\/www.yves.hr\/wp-content\/uploads\/2022\/12\/308611678_1053839645450703_7946233162031223824_n-300x300.jpeg 300w, https:\/\/www.yves.hr\/wp-content\/uploads\/2022\/12\/308611678_1053839645450703_7946233162031223824_n-150x150.jpeg 150w, https:\/\/www.yves.hr\/wp-content\/uploads\/2022\/12\/308611678_1053839645450703_7946233162031223824_n-768x768.jpeg 768w, https:\/\/www.yves.hr\/wp-content\/uploads\/2022\/12\/308611678_1053839645450703_7946233162031223824_n.jpeg 1080w\" sizes=\"auto, (max-width: 1024px) 100vw, 1024px\" \/><\/figure>\n\n\n\n<p>Fototerapija, \u0161to zna\u010di &#8216;Lije\u010denje svjetlom&#8217; je primjena niske razine svjetlosne energije za poticanje ili reguliranje biolo\u0161kih procesa s dokazanim terapijskim u\u010dincima. Mehanizam djelovanja prirodni je odgovor sli\u010dan fotosintezi biljaka kroz proces poznat kao fotobiomodulacija. LED fototerapija je dobro dokazana zbog svojih regenerativnih i protuupalnih prednosti bez stvaranja traume \u0161to je \u010dini sigurnom i prikladnom za sve tipove ko\u017ee. Tretman uklju\u010duje izlaganje ko\u017ee niskim razinama blagotvorne svjetlosne energije iz vidljivog i infracrvenog dijela svjetlosnog spektra.&nbsp;<\/p>\n\n\n\n<p>DERMALUX FLEX koristi tri svjetlosti:<\/p>\n\n\n\n<p><img loading=\"lazy\" decoding=\"async\" height=\"16\" width=\"16\" alt=\"?\" src=\"https:\/\/static.xx.fbcdn.net\/images\/emoji.php\/v9\/tb\/2\/16\/1f499.png\">&nbsp;Plavu (415 nm) &#8211; antibakterijsko djelovanje koje daje odli\u010dne rezultate protiv bakterija koje uzrokuju akne i poma\u017ee pri spre\u010davanju izbijanja akni.<\/p>\n\n\n\n<p><img loading=\"lazy\" decoding=\"async\" height=\"16\" width=\"16\" alt=\"\u2764\ufe0f\" src=\"https:\/\/static.xx.fbcdn.net\/images\/emoji.php\/v9\/ted\/2\/16\/2764.png\">&nbsp;Crvenu (633nm) &#8211; pomla\u0111ivanje i obnova stanica glavni je cilj ove svjetlosti, crveno svjetlo ubrzava obnovu stanica, poti\u010du\u0107i proizvodnju kolagena i elastina u ko\u017ei.<\/p>\n\n\n\n<p><img loading=\"lazy\" decoding=\"async\" height=\"16\" width=\"16\" src=\"https:\/\/static.xx.fbcdn.net\/images\/emoji.php\/v9\/t9c\/2\/16\/1f9e1.png\" alt=\"?\">&nbsp;Blizu infracrveno svjetlo (830nm) &#8211; zacjeljivanje rana glavna je zna\u010dajka ovog programa. Apsorbira se u najdubljim slojevima ko\u017ee, pove\u0107ava cirkulaciju krvi i ubrzava smanjenje upala, zacjeljuje rane i o\u017eiljke, smiruje iritaciju i crvenilo ko\u017ee.<\/p>\n\n\n\n<p>Dermalux tretman traje 30 minuta, no koristimo ga i u kombinaciji s tretmanima lica (Dermalogica ProSkin)  i aparativnim tehnikama Dr. Pen, Aquapeel, Green peel i IPL-om. <\/p>\n\n\n\n<figure class=\"wp-block-image size-full\"><img loading=\"lazy\" decoding=\"async\" width=\"600\" height=\"600\" src=\"https:\/\/www.yves.hr\/wp-content\/uploads\/2022\/12\/308667406_1053424288825572_2583640287023390499_n.jpeg\" alt=\"\" class=\"wp-image-631\" srcset=\"https:\/\/www.yves.hr\/wp-content\/uploads\/2022\/12\/308667406_1053424288825572_2583640287023390499_n.jpeg 600w, https:\/\/www.yves.hr\/wp-content\/uploads\/2022\/12\/308667406_1053424288825572_2583640287023390499_n-300x300.jpeg 300w, https:\/\/www.yves.hr\/wp-content\/uploads\/2022\/12\/308667406_1053424288825572_2583640287023390499_n-150x150.jpeg 150w\" sizes=\"auto, (max-width: 600px) 100vw, 600px\" \/><\/figure>\n\n\n\n<p><\/p>\n","protected":false},"excerpt":{"rendered":"<p>Trenutno progla\u0161en najboljim aparatom za svjetlosnu fototerapiju na svijetu, Dermalux rje\u0161ava niz problema na ko\u017ei na licu i tijelu. <\/p>\n","protected":false},"author":1,"featured_media":633,"parent":0,"menu_order":0,"comment_status":"closed","ping_status":"closed","template":"page-templates\/template-team.php","meta":{"footnotes":""},"class_list":["post-610","page","type-page","status-publish","has-post-thumbnail","hentry"],"_links":{"self":[{"href":"https:\/\/www.yves.hr\/index.php\/wp-json\/wp\/v2\/pages\/610","targetHints":{"allow":["GET"]}}],"collection":[{"href":"https:\/\/www.yves.hr\/index.php\/wp-json\/wp\/v2\/pages"}],"about":[{"href":"https:\/\/www.yves.hr\/index.php\/wp-json\/wp\/v2\/types\/page"}],"author":[{"embeddable":true,"href":"https:\/\/www.yves.hr\/index.php\/wp-json\/wp\/v2\/users\/1"}],"replies":[{"embeddable":true,"href":"https:\/\/www.yves.hr\/index.php\/wp-json\/wp\/v2\/comments?post=610"}],"version-history":[{"count":5,"href":"https:\/\/www.yves.hr\/index.php\/wp-json\/wp\/v2\/pages\/610\/revisions"}],"predecessor-version":[{"id":637,"href":"https:\/\/www.yves.hr\/index.php\/wp-json\/wp\/v2\/pages\/610\/revisions\/637"}],"wp:featuredmedia":[{"embeddable":true,"href":"https:\/\/www.yves.hr\/index.php\/wp-json\/wp\/v2\/media\/633"}],"wp:attachment":[{"href":"https:\/\/www.yves.hr\/index.php\/wp-json\/wp\/v2\/media?parent=610"}],"curies":[{"name":"wp","href":"https:\/\/api.w.org\/{rel}","templated":true}]}}