{"id":62,"date":"2015-07-20T11:17:49","date_gmt":"2015-07-20T10:17:49","guid":{"rendered":"http:\/\/demo.themegrill.com\/himalayas\/?page_id=62"},"modified":"2022-03-20T21:45:54","modified_gmt":"2022-03-20T20:45:54","slug":"dermapen-2","status":"publish","type":"page","link":"https:\/\/www.yves.hr\/index.php\/dermapen-2\/","title":{"rendered":"MICRONEEDLING"},"content":{"rendered":"<p class=\"p1\">Microneedling je tretman mikroiglicama koji poti\u010de ko\u017eu na obnavljanje i pritom ubla\u017eava bore i o\u017eiljke te posti\u017ee zatezanje i pomla\u0111ivanje ko\u017ee. Microneedling je revolucionarna metoda podmla\u0111ivanja i uljep\u0161avanja koja djeluje na principu prodiranja mikroiglica u ko\u017eu s ciljem lije\u010denja o\u017eiljaka od akni, ujedna\u010davanja boje tena i vra\u0107anja elasti\u010dnosti ko\u017ee.<\/p>\n<p class=\"p1\">Microneedling je vrsta <strong>mezoterapije<\/strong> koja je danas <strong>najbolja metoda u njezi ko\u017ee lica i tijela<\/strong>. U ko\u017ei se nakon tretmana stvaraju mikrokanali te je mogu\u0107e u duboke slojeve tkiva ja\u010de apsorbirati <strong>viskokvalitetnu ampulu &#8211; vitamine, minerale<\/strong> i druge sjajne preparate.<\/p>\n<p class=\"p1\">Nakon tretmana mikroiglicama, organizam odbacuje o\u0161te\u0107ene dijelove ko\u017ee i stvara novi sloj ko\u017ee koji je zdrav i obnovljen.<\/p>\n<p class=\"p1\">U\u010dinak microneedling tretmana je dugoro\u010dan; rezultati tretmana su vidljivi, ovisno o o\u0161te\u0107enjima na ko\u017ei, ve\u0107 nakon 7 dana ili nakon 2 do 4 mjeseca od prvog tretmana, kada se stvara novi kolagen.<\/p>\n<p class=\"p1\">Ovaj tretman je <strong>brz i bezbolan<\/strong>, daje najbolje rezultate na ko\u017ei s o\u017eiljcima od akni i dubokim borama.<\/p>\n<p>\u00a0<\/p>\n<p><strong>Kako hranimo va\u0161u ko\u017eu tijekom Microneedling tretmana?<\/strong><\/p>\n<p><img loading=\"lazy\" decoding=\"async\" class=\"alignnone wp-image-510\" src=\"https:\/\/www.yves.hr\/wp-content\/uploads\/2022\/01\/153616748_292837562191599_7497734894500985683_n.jpeg\" alt=\"\" width=\"900\" height=\"900\" \/><\/p>\n<p>Cijena jednog tretmana je 600 kn.\u00a0<\/p>\n<p>\u00a0<\/p>\n\n\n<figure class=\"wp-block-gallery has-nested-images columns-default is-cropped wp-block-gallery-1 is-layout-flex wp-block-gallery-is-layout-flex\">\n<figure class=\"wp-block-image size-large\"><img loading=\"lazy\" decoding=\"async\" width=\"1080\" height=\"1080\" data-id=\"517\" src=\"https:\/\/www.yves.hr\/wp-content\/uploads\/2022\/01\/153732666_291600048982017_1956062462055798626_n-1.png\" alt=\"\" class=\"wp-image-517\"\/><\/figure>\n\n\n\n<figure class=\"wp-block-image size-large\"><img loading=\"lazy\" decoding=\"async\" width=\"1440\" height=\"960\" data-id=\"518\" src=\"https:\/\/www.yves.hr\/wp-content\/uploads\/2022\/01\/155786271_296070978534924_2686510351513513050_n-1.jpeg\" alt=\"\" class=\"wp-image-518\"\/><\/figure>\n<\/figure>\n","protected":false},"excerpt":{"rendered":"<p>Tretman mikroiglicama koji poti\u010de ko\u017eu na obnavljanje, ubla\u017eava bore i o\u017eiljke te posti\u017ee zatezanje i pomla\u0111ivanje ko\u017ee.<\/p>\n","protected":false},"author":1,"featured_media":592,"parent":0,"menu_order":0,"comment_status":"closed","ping_status":"closed","template":"page-templates\/template-team.php","meta":{"footnotes":""},"class_list":["post-62","page","type-page","status-publish","has-post-thumbnail","hentry"],"_links":{"self":[{"href":"https:\/\/www.yves.hr\/index.php\/wp-json\/wp\/v2\/pages\/62","targetHints":{"allow":["GET"]}}],"collection":[{"href":"https:\/\/www.yves.hr\/index.php\/wp-json\/wp\/v2\/pages"}],"about":[{"href":"https:\/\/www.yves.hr\/index.php\/wp-json\/wp\/v2\/types\/page"}],"author":[{"embeddable":true,"href":"https:\/\/www.yves.hr\/index.php\/wp-json\/wp\/v2\/users\/1"}],"replies":[{"embeddable":true,"href":"https:\/\/www.yves.hr\/index.php\/wp-json\/wp\/v2\/comments?post=62"}],"version-history":[{"count":13,"href":"https:\/\/www.yves.hr\/index.php\/wp-json\/wp\/v2\/pages\/62\/revisions"}],"predecessor-version":[{"id":595,"href":"https:\/\/www.yves.hr\/index.php\/wp-json\/wp\/v2\/pages\/62\/revisions\/595"}],"wp:featuredmedia":[{"embeddable":true,"href":"https:\/\/www.yves.hr\/index.php\/wp-json\/wp\/v2\/media\/592"}],"wp:attachment":[{"href":"https:\/\/www.yves.hr\/index.php\/wp-json\/wp\/v2\/media?parent=62"}],"curies":[{"name":"wp","href":"https:\/\/api.w.org\/{rel}","templated":true}]}}