{"id":63,"date":"2015-07-20T11:16:27","date_gmt":"2015-07-20T11:16:27","guid":{"rendered":"http:\/\/demo.themegrill.com\/himalayas\/?page_id=63"},"modified":"2024-11-13T17:56:27","modified_gmt":"2024-11-13T16:56:27","slug":"green-peel","status":"publish","type":"page","link":"https:\/\/www.yves.hr\/index.php\/green-peel\/","title":{"rendered":"GREEN PEEL"},"content":{"rendered":"\n<p>Green Peel je <strong>potpuno prirodan biljni piling<\/strong> \u010diju bazu \u010dini mje\u0161avina osam odabranih biljaka koje sadr\u017ee enzime, minerale i vitamine.<\/p>\n\n\n\n<p>Formulu je osmislila prije vi\u0161e od 60 godina Christine Schrammek, a dodatno ga je doradila njezina k\u0107er dr. med. Christine Schrammek-Drusio, dermatologinja, alergologija i stru\u010dnjakinja za anti-aging te ga mogu koristiti isklju\u010divo certificirani lije\u010dnici i kozmetolozi.<\/p>\n\n\n\n<p><strong>U\u010dinci Green Peela:<\/strong><\/p>\n\n\n\n<ul class=\"wp-block-list\"><li>Pove\u0107ana cirkulacija &#8211; poti\u010de metabolizam i \u010di\u0161\u0107enje ko\u017ee.<\/li><li>Pobolj\u0161ana mikrocirkulacija &#8211; vi\u0161e kisika i hranjivih tvari u ko\u017ei.<\/li><li>Eliminacija gornjih slojeva ko\u017ee &#8211; proizvodnja novih stanica, regeneracija gornjih slojeva.<\/li><li>Pove\u0107ana proizvodnja vlastitog kolagena &#8211; \u010dvr\u0161\u0107a ko\u017ea, smanjene bore, zagla\u0111ivanje ili \u010dak uklanjanje o\u017eiljaka.<\/li><\/ul>\n\n\n\n<p>Mogu\u0107e je odabrati <em>Classic, Energy i Fresh Up tretman<\/em> &#8211; ovisno o ja\u010dini samog tretmana odnosno o koli\u010dini biljne mje\u0161avine Green Peel koja se stavlja na lice te ja\u010dini pritiska prilikom nano\u0161enja.&nbsp;<\/p>\n\n\n\n<figure class=\"wp-block-image size-full\"><img loading=\"lazy\" decoding=\"async\" width=\"600\" height=\"325\" src=\"https:\/\/www.yves.hr\/wp-content\/uploads\/2022\/01\/GREEN-PEEL-HEADER.jpeg\" alt=\"\" class=\"wp-image-527\"\/><\/figure>\n\n\n\n<p><\/p>\n\n\n\n<p><strong>GREEN PEEL\u00ae Fresh Up<\/strong><\/p>\n\n\n\n<p><em>Instant osvje\u017eenje. Bez piling u\u010dinka.<\/em><\/p>\n\n\n\n<p>I u ovom postupku nema piling u\u010dinka. Umjesto toga ko\u017ea se stimulira i osvje\u017eava s prirodnim biljem. Cirkulacija krvi je stimulirana, pore otvorene, a ko\u017ea je optimalno pripremljena da apsorbira sastojke u naknadnoj njezi Ten je vidljivo svjetliji i svje\u017eiji.&nbsp;<\/p>\n\n\n\n<p>Ovaj Green Peel tretman<strong> <\/strong>vitalizira stanice i ko\u017ea \u0107e zablistati s novom svje\u017einom. Ova metoda je idealan lijek za umornu ko\u017eu bez svje\u017eine i slu\u017ei kao u\u010dinkovita preventiva protiv prijevremenog starenja i gubitka elasti\u010dnosti.&nbsp; Tako\u0111er je pogodna ako va\u0161a ko\u017ea jo\u0161 ne pokazuje znakove starenja.<\/p>\n\n\n\n<figure class=\"wp-block-image size-full\"><img loading=\"lazy\" decoding=\"async\" width=\"1080\" height=\"1080\" src=\"https:\/\/www.yves.hr\/wp-content\/uploads\/2022\/01\/GreenPeelFreshUp.png\" alt=\"\" class=\"wp-image-531\"\/><\/figure>\n\n\n\n<p><strong>GREEN PEEL\u00ae Energy<\/strong><\/p>\n\n\n\n<p><em>Vitalnost i regeneracija bez piling u\u010dinka<\/em><\/p>\n\n\n\n<p><br>Ova metoda s prirodnim biljem vidljivo daje energiju. Poti\u010de cirkulaciju krvi i metabolizam i na taj na\u010din dovodi do prirodnog pobolj\u0161anja teksture ko\u017ee, bez ikakvih u\u010dinka pilinga.&nbsp;<\/p>\n\n\n\n<p><strong>GREEN PEEL\u00ae Energy<\/strong> nudi ko\u017ei prirodnu energiju koja je potrebna za regeneraciju stanica. Poma\u017ee smanjiti znakove starenja ko\u017ee, kao i ne\u010disto\u0107e, o\u017eiljke i ne\u017eeljene pigmentacije.&nbsp;<\/p>\n\n\n\n<p>Metoda vidljivo pobolj\u0161ava izgled ko\u017ee i uskla\u0111uje njezinu povr\u0161inu. Idealni rezultati posti\u017eu se s ponovljenim GREEN PEEL\u00ae Energy intenzivnim tretmanima nekoliko puta godi\u0161nje.<\/p>\n\n\n\n<figure class=\"wp-block-image size-full\"><img loading=\"lazy\" decoding=\"async\" width=\"1080\" height=\"1080\" src=\"https:\/\/www.yves.hr\/wp-content\/uploads\/2022\/01\/GreenPeelEnergy.png\" alt=\"\" class=\"wp-image-530\"\/><\/figure>\n\n\n\n<p><strong>GREEN PEEL\u00ae Classic<\/strong><\/p>\n\n\n\n<p><em>Regeneracija i obnova s u\u010dinkom pilinga<\/em><\/p>\n\n\n\n<p><strong><br>Ovo je izvorni &#8220;klasi\u010dni&#8221; piling me\u0111u GREEN PEEL\u00ae biljnim pilinzima.&nbsp;<\/strong><\/p>\n\n\n\n<p>Nakon temeljite analize ko\u017ee, biljne mje\u0161avine intenzivno se umasiraju u ko\u017eu. Cirkulacija krvi se pove\u0107a, pobolj\u0161a se opskrba kisikom i hranjivim tvarima, obnova stanica ko\u017ee je stimulirana. Taj efekt zaustavlja se nakon dva do pet dana, ovisno o strukturi ko\u017ee, sa vi\u0161e ili manje mo\u0107nim piling u\u010dinkom na ko\u017ei. Tijekom toga, potrebno je koristiti posebne proizvode Dr. Schrammek za ku\u0107nu njegu.&nbsp;<\/p>\n\n\n\n<p>Zavr\u0161na faza <strong>GREEN PEEL\u00ae Classic <\/strong>postupka nakon pet dana je profesionalna njega, koja sada jako upijaju\u0107u ko\u017eu intenzivno hrani i vla\u017ei s dragocjenim aktivnim sastojcima.<\/p>\n\n\n\n<figure class=\"wp-block-image size-full\"><img loading=\"lazy\" decoding=\"async\" width=\"1072\" height=\"1340\" src=\"https:\/\/www.yves.hr\/wp-content\/uploads\/2022\/01\/208650765_374429367365751_2242956304325421459_n.jpeg\" alt=\"\" class=\"wp-image-532\"\/><\/figure>\n","protected":false},"excerpt":{"rendered":"<p>Green Peel je potpuno prirodan biljni piling \u010diju bazu \u010dini mje\u0161avina osam odabranih biljaka koje sadr\u017ee enzime, minerale i vitamine.<\/p>\n","protected":false},"author":1,"featured_media":602,"parent":0,"menu_order":0,"comment_status":"closed","ping_status":"closed","template":"page-templates\/template-team.php","meta":{"footnotes":""},"class_list":["post-63","page","type-page","status-publish","has-post-thumbnail","hentry"],"_links":{"self":[{"href":"https:\/\/www.yves.hr\/index.php\/wp-json\/wp\/v2\/pages\/63","targetHints":{"allow":["GET"]}}],"collection":[{"href":"https:\/\/www.yves.hr\/index.php\/wp-json\/wp\/v2\/pages"}],"about":[{"href":"https:\/\/www.yves.hr\/index.php\/wp-json\/wp\/v2\/types\/page"}],"author":[{"embeddable":true,"href":"https:\/\/www.yves.hr\/index.php\/wp-json\/wp\/v2\/users\/1"}],"replies":[{"embeddable":true,"href":"https:\/\/www.yves.hr\/index.php\/wp-json\/wp\/v2\/comments?post=63"}],"version-history":[{"count":8,"href":"https:\/\/www.yves.hr\/index.php\/wp-json\/wp\/v2\/pages\/63\/revisions"}],"predecessor-version":[{"id":601,"href":"https:\/\/www.yves.hr\/index.php\/wp-json\/wp\/v2\/pages\/63\/revisions\/601"}],"wp:featuredmedia":[{"embeddable":true,"href":"https:\/\/www.yves.hr\/index.php\/wp-json\/wp\/v2\/media\/602"}],"wp:attachment":[{"href":"https:\/\/www.yves.hr\/index.php\/wp-json\/wp\/v2\/media?parent=63"}],"curies":[{"name":"wp","href":"https:\/\/api.w.org\/{rel}","templated":true}]}}