{"id":64,"date":"2015-07-20T11:18:33","date_gmt":"2015-07-20T10:18:33","guid":{"rendered":"http:\/\/demo.themegrill.com\/himalayas\/?page_id=64"},"modified":"2024-11-13T18:00:57","modified_gmt":"2024-11-13T17:00:57","slug":"njega-lica-i-tijela","status":"publish","type":"page","link":"https:\/\/www.yves.hr\/index.php\/njega-lica-i-tijela\/","title":{"rendered":"DERMALOGICA PROSKIN"},"content":{"rendered":"<p>Pozivamo vas &nbsp;u na\u0161u oazu zdravlja i ljepote, gdje jedinstveno pristupamo svakom klijentu i pripremamo osmi\u0161ljeni program za klasi\u010dne i aparativne tretmane lica i tijela.<\/p>\n<p>Dermalogicu su u Los Angelesu 1986. utemeljili Jane i Raymond Wurwand, osniva\u010di The International Dermal Institutea, koji ve\u0107 31 godinu profesionalnim kozmeti\u010darima pru\u017ea edukaciju nakon srednjo\u0161kolskog obrazovanja te postavlja standarde u kozmeti\u010dkoj industriji i edukaciji. Svi Dermalogica proizvodi istra\u017euju se i stvaraju u Institutu u suradnji s profesionalcima IDI centara \u0161irom svijeta.<\/p>\n<p>Originalna vizija Dermologice vrlo je jasna: linija proizvoda bez \u0161tetnih iritiraju\u0107ih sastojaka (umjetnih boja i mirisa, denaturiranog alkohola, lanolina i mineralnih ulja) koje bi izabrali te preporu\u010dili profesionalni kozmeti\u010dari s istim oprezom kao i lije\u010dnici. I nakon 31 godinu \u2013 klju\u010dne vrijednosti, inovacije i edukacija sastavni su dio identiteta Dermalogice.<\/p>\n<p><img loading=\"lazy\" decoding=\"async\" class=\"alignnone size-full wp-image-456\" src=\"http:\/\/www.yves.hr\/wp-content\/uploads\/2020\/04\/Dermalogica-1.jpg\" alt=\"\" width=\"3600\" height=\"2705\"><\/p>\n<p><strong>DERMALOGICA microZone, 30-minutni tretman lica:<\/strong><\/p>\n<p>Sa ciljanim djelovanjem na ko\u017eu lica uz pomno odabrane Dermalogica preparate (individualno prema svakom klijentu)<\/p>\n<ul>\n<li>idealan kao nadopuna izme\u0111u redovitih tretmana lica<\/li>\n<\/ul>\n<p><strong>DERMALOGICA ProSkin 60 tretman lica<\/strong><\/p>\n<p>Personalizirani tretman za one koje \u017eele rije\u0161iti trenutno stanje i pobolj\u0161ati kvalitetu strukture ko\u017ee. U ovom tretmanu upotrebljavamo visoku tehnologiju u kombinaciji sa Dermalogica proizvodima. Uklju\u010dujemo i aromaterapijsku masa\u017eu sa esencijalnim uljima.<\/p>\n<p><strong>DERMALOGICA ProSkin 30 tretman lica<\/strong><\/p>\n<p>Ciljni tretmani kojim rje\u0161avamo trenutna stanja na licu za samo 30 min.<\/p>\n<p><strong>DERMALOGICA AGE Smart tretman lica<\/strong><\/p>\n<p>Najsna\u017eniji i naju\u010dinkovitiji Dermalogica tretman namijenjen je onima koji se bore sa znakovima preranog starenja ko\u017ee te o\u0161te\u0107enjima od UV zra\u010denja. Ovo je pravi <strong>reboost<\/strong> za va\u0161u ko\u017eu: u\u010dvr\u0161\u0107uje ju, zagla\u0111uje, hrani i obnavlja te ujedno kontrolira biokemijske okida\u010de usporavaju\u0107i njezino starenje. Sna\u017eni vitamini i hidroksilne kiseline ko\u017eu dubinski eksfoliraju i obnavljaju, dok se energiziraju\u0107im masa\u017enim tehnikama mi\u0161i\u0107i lica osloba\u0111aju napetosti i stresa. Ova dubinska terapija blagotvorna je za sva stanja ko\u017ee \u2013 prerano ostarjelu, zrelu ili onu kojoj je potrebna injekcija svje\u017eine.<\/p>\n","protected":false},"excerpt":{"rendered":"<p>Dermalogica microZone, ProSkin 30\/60 i Age Smart personalizirani su tretmani uz pomno birane Dermalogica preparate. <\/p>\n","protected":false},"author":1,"featured_media":345,"parent":0,"menu_order":0,"comment_status":"closed","ping_status":"closed","template":"page-templates\/template-team.php","meta":{"footnotes":""},"class_list":["post-64","page","type-page","status-publish","has-post-thumbnail","hentry"],"_links":{"self":[{"href":"https:\/\/www.yves.hr\/index.php\/wp-json\/wp\/v2\/pages\/64","targetHints":{"allow":["GET"]}}],"collection":[{"href":"https:\/\/www.yves.hr\/index.php\/wp-json\/wp\/v2\/pages"}],"about":[{"href":"https:\/\/www.yves.hr\/index.php\/wp-json\/wp\/v2\/types\/page"}],"author":[{"embeddable":true,"href":"https:\/\/www.yves.hr\/index.php\/wp-json\/wp\/v2\/users\/1"}],"replies":[{"embeddable":true,"href":"https:\/\/www.yves.hr\/index.php\/wp-json\/wp\/v2\/comments?post=64"}],"version-history":[{"count":8,"href":"https:\/\/www.yves.hr\/index.php\/wp-json\/wp\/v2\/pages\/64\/revisions"}],"predecessor-version":[{"id":596,"href":"https:\/\/www.yves.hr\/index.php\/wp-json\/wp\/v2\/pages\/64\/revisions\/596"}],"wp:featuredmedia":[{"embeddable":true,"href":"https:\/\/www.yves.hr\/index.php\/wp-json\/wp\/v2\/media\/345"}],"wp:attachment":[{"href":"https:\/\/www.yves.hr\/index.php\/wp-json\/wp\/v2\/media?parent=64"}],"curies":[{"name":"wp","href":"https:\/\/api.w.org\/{rel}","templated":true}]}}